{"id":3090,"date":"2019-07-04T08:28:10","date_gmt":"2019-07-04T08:28:10","guid":{"rendered":"https:\/\/eoncerveceria.com\/contact\/"},"modified":"2026-03-17T14:33:46","modified_gmt":"2026-03-17T19:33:46","slug":"contactanos","status":"publish","type":"page","link":"https:\/\/eoncerveceria.com\/en\/contactanos\/","title":{"rendered":"Cont\u00e1ctanos"},"content":{"rendered":"<div data-elementor-type=\"wp-post\" data-elementor-id=\"3090\" class=\"elementor elementor-3090\" data-elementor-post-type=\"page\">\n\t\t\t\t\t\t<section class=\"elementor-section elementor-top-section elementor-element elementor-element-1c8bfd6 elementor-section-boxed elementor-section-height-default elementor-section-height-default sc_fly_static\" data-id=\"1c8bfd6\" data-element_type=\"section\" data-e-type=\"section\">\n\t\t\t\t\t\t<div class=\"elementor-container elementor-column-gap-extended\">\n\t\t\t\t\t<div class=\"elementor-column elementor-col-100 elementor-top-column elementor-element elementor-element-5576b51 sc_content_align_inherit sc_layouts_column_icons_position_left sc_fly_static\" data-id=\"5576b51\" data-element_type=\"column\" data-e-type=\"column\">\n\t\t\t<div class=\"elementor-widget-wrap elementor-element-populated\">\n\t\t\t\t\t\t<div class=\"elementor-element elementor-element-fc30598 sc_height_large sc_fly_static elementor-widget elementor-widget-spacer\" data-id=\"fc30598\" data-element_type=\"widget\" data-e-type=\"widget\" data-widget_type=\"spacer.default\">\n\t\t\t\t<div class=\"elementor-widget-container\">\n\t\t\t\t\t\t\t<div class=\"elementor-spacer\">\n\t\t\t<div class=\"elementor-spacer-inner\"><\/div>\n\t\t<\/div>\n\t\t\t\t\t\t<\/div>\n\t\t\t\t<\/div>\n\t\t\t\t<div class=\"elementor-element elementor-element-ede2529 sc_fly_static elementor-widget elementor-widget-trx_sc_icons\" data-id=\"ede2529\" data-element_type=\"widget\" data-e-type=\"widget\" data-widget_type=\"trx_sc_icons.default\">\n\t\t\t\t<div class=\"elementor-widget-container\">\n\t\t\t\t\t<div id=\"\" \n\tclass=\"sc_icons sc_icons_extra sc_icons_size_small sc_align_center\"><div class=\"sc_icons_columns_wrap sc_item_columns trx_addons_columns_wrap columns_padding_bottom columns_in_single_row\"><div class=\"trx_addons_column-1_2\"><div class=\"sc_icons_item\"><div class=\"sc_icons_icon sc_icon_type_ icon-smartphone-1\"><span class=\"sc_icon_type_ icon-smartphone-1\"><\/span> <div class=\"sc_icon_extra_title\">Te <\/div><\/div><div class=\"sc_icons_item_details\"><h4 class=\"sc_icons_item_title\"><span>Tel\u00e9fono<\/span><\/h4><div class=\"sc_icons_item_description\"><span>+57 315 961 2045<\/span><\/div><\/div><\/div><\/div><div class=\"trx_addons_column-1_2\"><div class=\"sc_icons_item\"><div class=\"sc_icons_icon sc_icon_type_ icon-mail-icon\"><span class=\"sc_icon_type_ icon-mail-icon\"><\/span> <div class=\"sc_icon_extra_title\">Em <\/div><\/div><div class=\"sc_icons_item_details\"><h4 class=\"sc_icons_item_title\"><span>Email<\/span><\/h4><div class=\"sc_icons_item_description\"><span>davidrodriguez@eoncerveceria.com<\/span><\/div><\/div><\/div><\/div><\/div><\/div><!-- \/.sc_icons -->\t\t\t\t<\/div>\n\t\t\t\t<\/div>\n\t\t\t\t<div class=\"elementor-element elementor-element-cf1fb5c sc_height_large sc_fly_static elementor-widget elementor-widget-spacer\" data-id=\"cf1fb5c\" data-element_type=\"widget\" data-e-type=\"widget\" data-widget_type=\"spacer.default\">\n\t\t\t\t<div class=\"elementor-widget-container\">\n\t\t\t\t\t\t\t<div class=\"elementor-spacer\">\n\t\t\t<div class=\"elementor-spacer-inner\"><\/div>\n\t\t<\/div>\n\t\t\t\t\t\t<\/div>\n\t\t\t\t<\/div>\n\t\t\t\t<div class=\"elementor-element elementor-element-35e173d sc_fly_static elementor-widget elementor-widget-trx_sc_title\" data-id=\"35e173d\" data-element_type=\"widget\" data-e-type=\"widget\" data-widget_type=\"trx_sc_title.default\">\n\t\t\t\t<div class=\"elementor-widget-container\">\n\t\t\t\t\t<div\t\tclass=\"sc_title sc_title_icon\"><h1 class=\"sc_item_title sc_title_title sc_align_center sc_item_title_style_icon sc_item_title_tag\"\n\t\t\t><span class=\"sc_item_title_text\">\u00a1Escr\u00edbenos!\n<\/span><\/h1><\/div>\t\t\t\t<\/div>\n\t\t\t\t<\/div>\n\t\t\t\t<div class=\"elementor-element elementor-element-0411583 sc_fly_static elementor-widget elementor-widget-spacer\" data-id=\"0411583\" data-element_type=\"widget\" data-e-type=\"widget\" data-widget_type=\"spacer.default\">\n\t\t\t\t<div class=\"elementor-widget-container\">\n\t\t\t\t\t\t\t<div class=\"elementor-spacer\">\n\t\t\t<div class=\"elementor-spacer-inner\"><\/div>\n\t\t<\/div>\n\t\t\t\t\t\t<\/div>\n\t\t\t\t<\/div>\n\t\t\t\t<section class=\"elementor-section elementor-inner-section elementor-element elementor-element-cb5a7df elementor-section-boxed elementor-section-height-default elementor-section-height-default sc_fly_static\" data-id=\"cb5a7df\" data-element_type=\"section\" data-e-type=\"section\">\n\t\t\t\t\t\t<div class=\"elementor-container elementor-column-gap-extended\">\n\t\t\t\t\t<div class=\"elementor-column elementor-col-33 elementor-inner-column elementor-element elementor-element-3e532dc sc_content_align_inherit sc_layouts_column_icons_position_left sc_fly_static\" data-id=\"3e532dc\" data-element_type=\"column\" data-e-type=\"column\">\n\t\t\t<div class=\"elementor-widget-wrap\">\n\t\t\t\t\t\t\t<\/div>\n\t\t<\/div>\n\t\t\t\t<div class=\"elementor-column elementor-col-33 elementor-inner-column elementor-element elementor-element-580b64f sc_content_align_inherit sc_layouts_column_icons_position_left sc_fly_static\" data-id=\"580b64f\" data-element_type=\"column\" data-e-type=\"column\">\n\t\t\t<div class=\"elementor-widget-wrap elementor-element-populated\">\n\t\t\t\t\t\t<div class=\"elementor-element elementor-element-2883e6d elementor-mobile-button-align-center elementor-button-align-stretch sc_fly_static elementor-widget elementor-widget-form\" data-id=\"2883e6d\" data-element_type=\"widget\" data-e-type=\"widget\" data-settings=\"{&quot;button_width_mobile&quot;:&quot;100&quot;,&quot;step_next_label&quot;:&quot;Next&quot;,&quot;step_previous_label&quot;:&quot;Previous&quot;,&quot;button_width&quot;:&quot;100&quot;,&quot;step_type&quot;:&quot;number_text&quot;,&quot;step_icon_shape&quot;:&quot;circle&quot;}\" data-widget_type=\"form.default\">\n\t\t\t\t<div class=\"elementor-widget-container\">\n\t\t\t\t\t\t\t<form class=\"elementor-form\" method=\"post\" name=\"Form de Contacto\" action=\"\">\n\t\t\t<input type=\"hidden\" name=\"post_id\" value=\"3090\"\/>\n\t\t\t<input type=\"hidden\" name=\"form_id\" value=\"2883e6d\"\/>\n\t\t\t<input type=\"hidden\" name=\"referer_title\" value=\"Cont\u00e1ctanos - EON CERVECER\u00cdA\" \/>\n\n\t\t\t\t\t\t\t<input type=\"hidden\" name=\"queried_id\" value=\"3090\"\/>\n\t\t\t\n\t\t\t<div class=\"elementor-form-fields-wrapper elementor-labels-\">\n\t\t\t\t\t\t\t\t<div class=\"elementor-field-type-text elementor-field-group elementor-column elementor-field-group-name elementor-col-50 elementor-md-50\">\n\t\t\t\t\t\t\t\t\t\t\t\t<label for=\"form-field-name\" class=\"elementor-field-label elementor-screen-only\">\n\t\t\t\t\t\t\t\tNOMBRE\t\t\t\t\t\t\t<\/label>\n\t\t\t\t\t\t\t\t\t\t\t\t\t\t<input size=\"1\" type=\"text\" name=\"form_fields[name]\" id=\"form-field-name\" class=\"elementor-field elementor-size-sm  elementor-field-textual\" placeholder=\"NOMBRE\">\n\t\t\t\t\t\t\t\t\t\t\t<\/div>\n\t\t\t\t\t\t\t\t<div class=\"elementor-field-type-email elementor-field-group elementor-column elementor-field-group-email elementor-col-50 elementor-md-50 elementor-field-required\">\n\t\t\t\t\t\t\t\t\t\t\t\t<label for=\"form-field-email\" class=\"elementor-field-label elementor-screen-only\">\n\t\t\t\t\t\t\t\tEMAIL\t\t\t\t\t\t\t<\/label>\n\t\t\t\t\t\t\t\t\t\t\t\t\t\t<input size=\"1\" type=\"email\" name=\"form_fields[email]\" id=\"form-field-email\" class=\"elementor-field elementor-size-sm  elementor-field-textual\" placeholder=\"EMAIL\" required=\"required\">\n\t\t\t\t\t\t\t\t\t\t\t<\/div>\n\t\t\t\t\t\t\t\t<div class=\"elementor-field-type-textarea elementor-field-group elementor-column elementor-field-group-message elementor-col-100 elementor-md-100\">\n\t\t\t\t\t\t\t\t\t\t\t\t<label for=\"form-field-message\" class=\"elementor-field-label elementor-screen-only\">\n\t\t\t\t\t\t\t\tMENSAJE\t\t\t\t\t\t\t<\/label>\n\t\t\t\t\t\t<textarea class=\"elementor-field-textual elementor-field  elementor-size-sm\" name=\"form_fields[message]\" id=\"form-field-message\" rows=\"10\" placeholder=\"MENSAJE\"><\/textarea>\t\t\t\t<\/div>\n\t\t\t\t\t\t\t\t<div class=\"elementor-field-type-acceptance elementor-field-group elementor-column elementor-field-group-field_699d127 elementor-col-100 elementor-field-required\">\n\t\t\t\t\t\t\t<div class=\"elementor-field-subgroup\">\n\t\t\t<span class=\"elementor-field-option\">\n\t\t\t\t<input type=\"checkbox\" name=\"form_fields[field_699d127]\" id=\"form-field-field_699d127\" class=\"elementor-field elementor-size-sm  elementor-acceptance-field\" required=\"required\">\n\t\t\t\t<label for=\"form-field-field_699d127\">Entiendo y acepto que los datos que comparto ser\u00e1n recolectados y cuidados responsablemente.<\/label>\t\t\t<\/span>\n\t\t<\/div>\n\t\t\t\t\t\t<\/div>\n\t\t\t\t\t\t\t\t<div class=\"elementor-field-group elementor-column elementor-field-type-submit elementor-col-100 e-form__buttons elementor-sm-100\">\n\t\t\t\t\t<button class=\"elementor-button elementor-size-xl\" type=\"submit\" id=\"formbutton\">\n\t\t\t\t\t\t<span class=\"elementor-button-content-wrapper\">\n\t\t\t\t\t\t\t\t\t\t\t\t\t\t\t\t\t\t\t\t\t\t<span class=\"elementor-button-text\">Enviar mensaje<\/span>\n\t\t\t\t\t\t\t\t\t\t\t\t\t<\/span>\n\t\t\t\t\t<\/button>\n\t\t\t\t<\/div>\n\t\t\t<\/div>\n\t\t<input type=\"hidden\" name=\"trp-form-language\" value=\"en\"\/><\/form>\n\t\t\t\t\t\t<\/div>\n\t\t\t\t<\/div>\n\t\t\t\t\t<\/div>\n\t\t<\/div>\n\t\t\t\t<div class=\"elementor-column elementor-col-33 elementor-inner-column elementor-element elementor-element-ab1b74b sc_content_align_inherit sc_layouts_column_icons_position_left sc_fly_static\" data-id=\"ab1b74b\" data-element_type=\"column\" data-e-type=\"column\">\n\t\t\t<div class=\"elementor-widget-wrap\">\n\t\t\t\t\t\t\t<\/div>\n\t\t<\/div>\n\t\t\t\t\t<\/div>\n\t\t<\/section>\n\t\t\t\t\t<\/div>\n\t\t<\/div>\n\t\t\t\t\t<\/div>\n\t\t<\/section>\n\t\t\t\t<section class=\"elementor-section elementor-top-section elementor-element elementor-element-8ab9a17 elementor-section-boxed elementor-section-height-default elementor-section-height-default sc_fly_static\" data-id=\"8ab9a17\" data-element_type=\"section\" data-e-type=\"section\">\n\t\t\t\t\t\t<div class=\"elementor-container elementor-column-gap-extended\">\n\t\t\t\t\t<div class=\"elementor-column elementor-col-100 elementor-top-column elementor-element elementor-element-7592505 sc_content_align_inherit sc_layouts_column_icons_position_left sc_fly_static\" data-id=\"7592505\" data-element_type=\"column\" data-e-type=\"column\">\n\t\t\t<div class=\"elementor-widget-wrap elementor-element-populated\">\n\t\t\t\t\t\t<div class=\"elementor-element elementor-element-43a661a sc_height_large sc_fly_static elementor-widget elementor-widget-spacer\" data-id=\"43a661a\" data-element_type=\"widget\" data-e-type=\"widget\" data-widget_type=\"spacer.default\">\n\t\t\t\t<div class=\"elementor-widget-container\">\n\t\t\t\t\t\t\t<div class=\"elementor-spacer\">\n\t\t\t<div class=\"elementor-spacer-inner\"><\/div>\n\t\t<\/div>\n\t\t\t\t\t\t<\/div>\n\t\t\t\t<\/div>\n\t\t\t\t\t<\/div>\n\t\t<\/div>\n\t\t\t\t\t<\/div>\n\t\t<\/section>\n\t\t\t\t<section class=\"elementor-section elementor-top-section elementor-element elementor-element-eaf79e9 elementor-section-boxed elementor-section-height-default elementor-section-height-default sc_fly_static\" data-id=\"eaf79e9\" data-element_type=\"section\" data-e-type=\"section\">\n\t\t\t\t\t\t<div class=\"elementor-container elementor-column-gap-extended\">\n\t\t\t\t\t<div class=\"elementor-column elementor-col-100 elementor-top-column elementor-element elementor-element-f46de68 sc_content_align_inherit sc_layouts_column_icons_position_left sc_fly_static\" data-id=\"f46de68\" data-element_type=\"column\" data-e-type=\"column\">\n\t\t\t<div class=\"elementor-widget-wrap elementor-element-populated\">\n\t\t\t\t\t\t<div class=\"elementor-element elementor-element-6b4d5ce sc_fly_static elementor-widget elementor-widget-trx_sc_googlemap\" data-id=\"6b4d5ce\" data-element_type=\"widget\" data-e-type=\"widget\" data-widget_type=\"trx_sc_googlemap.default\">\n\t\t\t\t<div class=\"elementor-widget-container\">\n\t\t\t\t\t<div id=\"sc_googlemap_145861141_wrap\" class=\"sc_googlemap_wrap\"><div id=\"sc_googlemap_145861141\"\t\t\tclass=\"sc_item_content sc_map sc_googlemap sc_googlemap_default trx_addons_inline_472047181\"\n\t\t\t\t\t\tdata-zoom=\"16\"\n\t\t\tdata-center=\"\"\n\t\t\tdata-style=\"default\"\n\t\t\tdata-map-id=\"\"\n\t\t\tdata-cluster-icon=\"\"\n\t\t\t><iframe\n\t\t\t\t\t\tsrc=\"https:\/\/maps.google.com\/maps?t=m&output=embed&iwloc=near&z=16&q=Carrera+43b+%2324a-64%2C+Bogot%C3%A1\"\n\t\t\t\t\t\taria-label=\"One\"><\/iframe><\/div><\/div>\t\t\t\t<\/div>\n\t\t\t\t<\/div>\n\t\t\t\t\t<\/div>\n\t\t<\/div>\n\t\t\t\t\t<\/div>\n\t\t<\/section>\n\t\t\t\t<section class=\"elementor-section elementor-top-section elementor-element elementor-element-8b67151 elementor-section-boxed elementor-section-height-default elementor-section-height-default sc_fly_static\" data-id=\"8b67151\" data-element_type=\"section\" data-e-type=\"section\">\n\t\t\t\t\t\t<div class=\"elementor-container elementor-column-gap-extended\">\n\t\t\t\t\t<div class=\"elementor-column elementor-col-100 elementor-top-column elementor-element elementor-element-31a92d2 sc_content_align_inherit sc_layouts_column_icons_position_left sc_fly_static\" data-id=\"31a92d2\" data-element_type=\"column\" data-e-type=\"column\">\n\t\t\t<div class=\"elementor-widget-wrap elementor-element-populated\">\n\t\t\t\t\t\t<div class=\"elementor-element elementor-element-a67bebd sc_height_large sc_fly_static elementor-widget elementor-widget-spacer\" data-id=\"a67bebd\" data-element_type=\"widget\" data-e-type=\"widget\" data-widget_type=\"spacer.default\">\n\t\t\t\t<div class=\"elementor-widget-container\">\n\t\t\t\t\t\t\t<div class=\"elementor-spacer\">\n\t\t\t<div class=\"elementor-spacer-inner\"><\/div>\n\t\t<\/div>\n\t\t\t\t\t\t<\/div>\n\t\t\t\t<\/div>\n\t\t\t\t\t<\/div>\n\t\t<\/div>\n\t\t\t\t\t<\/div>\n\t\t<\/section>\n\t\t\t\t<section class=\"elementor-section elementor-top-section elementor-element elementor-element-e27bf1a elementor-section-full_width elementor-section-height-default elementor-section-height-default sc_fly_static\" data-id=\"e27bf1a\" data-element_type=\"section\" data-e-type=\"section\">\n\t\t\t\t\t\t<div class=\"elementor-container elementor-column-gap-extended\">\n\t\t\t\t\t<div class=\"elementor-column elementor-col-100 elementor-top-column elementor-element elementor-element-9089c0c sc_content_align_inherit sc_layouts_column_icons_position_left sc_fly_static\" data-id=\"9089c0c\" data-element_type=\"column\" data-e-type=\"column\">\n\t\t\t<div class=\"elementor-widget-wrap elementor-element-populated\">\n\t\t\t\t\t\t<div class=\"elementor-element elementor-element-1a7fe97 sc_fly_static elementor-widget elementor-widget-elementskit-social-media\" data-id=\"1a7fe97\" data-element_type=\"widget\" data-e-type=\"widget\" data-widget_type=\"elementskit-social-media.default\">\n\t\t\t\t<div class=\"elementor-widget-container\">\n\t\t\t\t\t<div class=\"ekit-wid-con\" >\t\t\t <ul class=\"ekit_social_media\">\n\t\t\t\t\t\t\t\t\t\t\t\t\t\t<li class=\"elementor-repeater-item-9d31041\">\n\t\t\t\t\t    <a\n\t\t\t\t\t\thref=\"https:\/\/www.instagram.com\/eoncerveceria\/\" aria-label=\"Instagram\" class=\"instagram\" >\n\t\t\t\t\t\t\t\t\t\t\t\t\t\t\n\t\t\t\t\t\t\t<i aria-hidden=\"true\" class=\"fab fa-instagram\"><\/i>\t\t\t\t\t\t\t\t\t\n                                                                                                            <\/a>\n                    <\/li>\n                    \t\t\t\t\t\t\t\t\t\t\t\t\t\t<li class=\"elementor-repeater-item-508f9de\">\n\t\t\t\t\t    <a\n\t\t\t\t\t\thref=\"https:\/\/wa.me\/message\/USWFYC4C76AED1\" aria-label=\"Whatsapp\" class=\"1\" >\n\t\t\t\t\t\t\t\t\t\t\t\t\t\t\n\t\t\t\t\t\t\t<i aria-hidden=\"true\" class=\"icon icon-whatsapp-1\"><\/i>\t\t\t\t\t\t\t\t\t\n                                                                                                            <\/a>\n                    <\/li>\n                    \t\t\t\t\t\t\t\t\t\t\t\t\t\t<li class=\"elementor-repeater-item-c4498e1\">\n\t\t\t\t\t    <a\n\t\t\t\t\t\thref=\"https:\/\/www.facebook.com\/EONcerveceria\" aria-label=\"Facebook\" class=\"facebook\" >\n\t\t\t\t\t\t\t\t\t\t\t\t\t\t\n\t\t\t\t\t\t\t<i aria-hidden=\"true\" class=\"icon icon-facebook\"><\/i>\t\t\t\t\t\t\t\t\t\n                                                                                                            <\/a>\n                    <\/li>\n                    \t\t\t\t\t\t\t<\/ul>\n\t\t<\/div>\t\t\t\t<\/div>\n\t\t\t\t<\/div>\n\t\t\t\t\t<\/div>\n\t\t<\/div>\n\t\t\t\t\t<\/div>\n\t\t<\/section>\n\t\t\t\t<\/div>","protected":false},"excerpt":{"rendered":"<p>Te Tel\u00e9fono +57 315 961 2045 Em Email davidrodriguez@eoncerveceria.com \u00a1Escr\u00edbenos!<\/p>","protected":false},"author":1,"featured_media":0,"parent":0,"menu_order":0,"comment_status":"closed","ping_status":"closed","template":"","meta":{"two_page_speed":[],"footnotes":""},"class_list":["post-3090","page","type-page","status-publish","hentry"],"yoast_head":"<!-- This site is optimized with the Yoast SEO plugin v27.2 - https:\/\/yoast.com\/product\/yoast-seo-wordpress\/ -->\n<title>Cont\u00e1ctanos - EON CERVECER\u00cdA<\/title>\n<meta name=\"description\" content=\"Cont\u00e1ctanos a trav\u00e9s de nuestros canales de atenci\u00f3n. Somos EON Cerver\u00eda Artesanal, donde la mitolog\u00eda se une con el sabor de Colombia\" \/>\n<meta name=\"robots\" content=\"index, follow, max-snippet:-1, max-image-preview:large, max-video-preview:-1\" \/>\n<link rel=\"canonical\" href=\"https:\/\/eoncerveceria.com\/en\/contactanos\/\" \/>\n<meta property=\"og:locale\" content=\"en_US\" \/>\n<meta property=\"og:type\" content=\"article\" \/>\n<meta property=\"og:title\" content=\"Cont\u00e1ctanos - EON CERVECER\u00cdA\" \/>\n<meta property=\"og:description\" content=\"Cont\u00e1ctanos a trav\u00e9s de nuestros canales de atenci\u00f3n. Somos EON Cerver\u00eda Artesanal, donde la mitolog\u00eda se une con el sabor de Colombia\" \/>\n<meta property=\"og:url\" content=\"https:\/\/eoncerveceria.com\/en\/contactanos\/\" \/>\n<meta property=\"og:site_name\" content=\"EON CERVECER\u00cdA\" \/>\n<meta property=\"article:publisher\" content=\"https:\/\/www.facebook.com\/EONcerveceria\" \/>\n<meta property=\"article:modified_time\" content=\"2026-03-17T19:33:46+00:00\" \/>\n<meta name=\"twitter:card\" content=\"summary_large_image\" \/>\n<meta name=\"twitter:label1\" content=\"Est. reading time\" \/>\n\t<meta name=\"twitter:data1\" content=\"1 minute\" \/>\n<script type=\"application\/ld+json\" class=\"yoast-schema-graph\">{\"@context\":\"https:\/\/schema.org\",\"@graph\":[{\"@type\":\"WebPage\",\"@id\":\"https:\/\/eoncerveceria.com\/contactanos\/\",\"url\":\"https:\/\/eoncerveceria.com\/contactanos\/\",\"name\":\"Cont\u00e1ctanos - EON CERVECER\u00cdA\",\"isPartOf\":{\"@id\":\"https:\/\/eoncerveceria.com\/#website\"},\"datePublished\":\"2019-07-04T08:28:10+00:00\",\"dateModified\":\"2026-03-17T19:33:46+00:00\",\"description\":\"Cont\u00e1ctanos a trav\u00e9s de nuestros canales de atenci\u00f3n. Somos EON Cerver\u00eda Artesanal, donde la mitolog\u00eda se une con el sabor de Colombia\",\"breadcrumb\":{\"@id\":\"https:\/\/eoncerveceria.com\/contactanos\/#breadcrumb\"},\"inLanguage\":\"en-US\",\"potentialAction\":[{\"@type\":\"ReadAction\",\"target\":[\"https:\/\/eoncerveceria.com\/contactanos\/\"]}]},{\"@type\":\"BreadcrumbList\",\"@id\":\"https:\/\/eoncerveceria.com\/contactanos\/#breadcrumb\",\"itemListElement\":[{\"@type\":\"ListItem\",\"position\":1,\"name\":\"Portada\",\"item\":\"https:\/\/eoncerveceria.com\/\"},{\"@type\":\"ListItem\",\"position\":2,\"name\":\"Cont\u00e1ctanos\"}]},{\"@type\":\"WebSite\",\"@id\":\"https:\/\/eoncerveceria.com\/#website\",\"url\":\"https:\/\/eoncerveceria.com\/\",\"name\":\"EON CERVECER\u00cdA ARTESANAL\",\"description\":\"CERVECER\u00cdA ARTESANAL\",\"publisher\":{\"@id\":\"https:\/\/eoncerveceria.com\/#organization\"},\"potentialAction\":[{\"@type\":\"SearchAction\",\"target\":{\"@type\":\"EntryPoint\",\"urlTemplate\":\"https:\/\/eoncerveceria.com\/?s={search_term_string}\"},\"query-input\":{\"@type\":\"PropertyValueSpecification\",\"valueRequired\":true,\"valueName\":\"search_term_string\"}}],\"inLanguage\":\"en-US\"},{\"@type\":\"Organization\",\"@id\":\"https:\/\/eoncerveceria.com\/#organization\",\"name\":\"EON CERVECER\u00cdA ARTESANAL\",\"url\":\"https:\/\/eoncerveceria.com\/\",\"logo\":{\"@type\":\"ImageObject\",\"inLanguage\":\"en-US\",\"@id\":\"https:\/\/eoncerveceria.com\/#\/schema\/logo\/image\/\",\"url\":\"https:\/\/eoncerveceria.com\/wp-content\/uploads\/2026\/03\/LOGO_HORBLK_EON12-scaled.jpg\",\"contentUrl\":\"https:\/\/eoncerveceria.com\/wp-content\/uploads\/2026\/03\/LOGO_HORBLK_EON12-scaled.jpg\",\"width\":2560,\"height\":1081,\"caption\":\"EON CERVECER\u00cdA ARTESANAL\"},\"image\":{\"@id\":\"https:\/\/eoncerveceria.com\/#\/schema\/logo\/image\/\"},\"sameAs\":[\"https:\/\/www.facebook.com\/EONcerveceria\",\"https:\/\/www.instagram.com\/eoncerveceria\/\",\"https:\/\/wa.me\/message\/USWFYC4C76AED1\"]}]}<\/script>\n<!-- \/ Yoast SEO plugin. -->","yoast_head_json":{"title":"Cont\u00e1ctanos - EON CERVECER\u00cdA","description":"Cont\u00e1ctanos a trav\u00e9s de nuestros canales de atenci\u00f3n. Somos EON Cerver\u00eda Artesanal, donde la mitolog\u00eda se une con el sabor de Colombia","robots":{"index":"index","follow":"follow","max-snippet":"max-snippet:-1","max-image-preview":"max-image-preview:large","max-video-preview":"max-video-preview:-1"},"canonical":"https:\/\/eoncerveceria.com\/en\/contactanos\/","og_locale":"en_US","og_type":"article","og_title":"Cont\u00e1ctanos - EON CERVECER\u00cdA","og_description":"Cont\u00e1ctanos a trav\u00e9s de nuestros canales de atenci\u00f3n. Somos EON Cerver\u00eda Artesanal, donde la mitolog\u00eda se une con el sabor de Colombia","og_url":"https:\/\/eoncerveceria.com\/en\/contactanos\/","og_site_name":"EON CERVECER\u00cdA","article_publisher":"https:\/\/www.facebook.com\/EONcerveceria","article_modified_time":"2026-03-17T19:33:46+00:00","twitter_card":"summary_large_image","twitter_misc":{"Est. reading time":"1 minute"},"schema":{"@context":"https:\/\/schema.org","@graph":[{"@type":"WebPage","@id":"https:\/\/eoncerveceria.com\/contactanos\/","url":"https:\/\/eoncerveceria.com\/contactanos\/","name":"Cont\u00e1ctanos - EON CERVECER\u00cdA","isPartOf":{"@id":"https:\/\/eoncerveceria.com\/#website"},"datePublished":"2019-07-04T08:28:10+00:00","dateModified":"2026-03-17T19:33:46+00:00","description":"Cont\u00e1ctanos a trav\u00e9s de nuestros canales de atenci\u00f3n. Somos EON Cerver\u00eda Artesanal, donde la mitolog\u00eda se une con el sabor de Colombia","breadcrumb":{"@id":"https:\/\/eoncerveceria.com\/contactanos\/#breadcrumb"},"inLanguage":"en-US","potentialAction":[{"@type":"ReadAction","target":["https:\/\/eoncerveceria.com\/contactanos\/"]}]},{"@type":"BreadcrumbList","@id":"https:\/\/eoncerveceria.com\/contactanos\/#breadcrumb","itemListElement":[{"@type":"ListItem","position":1,"name":"Portada","item":"https:\/\/eoncerveceria.com\/"},{"@type":"ListItem","position":2,"name":"Cont\u00e1ctanos"}]},{"@type":"WebSite","@id":"https:\/\/eoncerveceria.com\/#website","url":"https:\/\/eoncerveceria.com\/","name":"EON CERVECER\u00cdA ARTESANAL","description":"CERVECER\u00cdA ARTESANAL","publisher":{"@id":"https:\/\/eoncerveceria.com\/#organization"},"potentialAction":[{"@type":"SearchAction","target":{"@type":"EntryPoint","urlTemplate":"https:\/\/eoncerveceria.com\/?s={search_term_string}"},"query-input":{"@type":"PropertyValueSpecification","valueRequired":true,"valueName":"search_term_string"}}],"inLanguage":"en-US"},{"@type":"Organization","@id":"https:\/\/eoncerveceria.com\/#organization","name":"EON CERVECER\u00cdA ARTESANAL","url":"https:\/\/eoncerveceria.com\/","logo":{"@type":"ImageObject","inLanguage":"en-US","@id":"https:\/\/eoncerveceria.com\/#\/schema\/logo\/image\/","url":"https:\/\/eoncerveceria.com\/wp-content\/uploads\/2026\/03\/LOGO_HORBLK_EON12-scaled.jpg","contentUrl":"https:\/\/eoncerveceria.com\/wp-content\/uploads\/2026\/03\/LOGO_HORBLK_EON12-scaled.jpg","width":2560,"height":1081,"caption":"EON CERVECER\u00cdA ARTESANAL"},"image":{"@id":"https:\/\/eoncerveceria.com\/#\/schema\/logo\/image\/"},"sameAs":["https:\/\/www.facebook.com\/EONcerveceria","https:\/\/www.instagram.com\/eoncerveceria\/","https:\/\/wa.me\/message\/USWFYC4C76AED1"]}]}},"_links":{"self":[{"href":"https:\/\/eoncerveceria.com\/en\/wp-json\/wp\/v2\/pages\/3090","targetHints":{"allow":["GET"]}}],"collection":[{"href":"https:\/\/eoncerveceria.com\/en\/wp-json\/wp\/v2\/pages"}],"about":[{"href":"https:\/\/eoncerveceria.com\/en\/wp-json\/wp\/v2\/types\/page"}],"author":[{"embeddable":true,"href":"https:\/\/eoncerveceria.com\/en\/wp-json\/wp\/v2\/users\/1"}],"replies":[{"embeddable":true,"href":"https:\/\/eoncerveceria.com\/en\/wp-json\/wp\/v2\/comments?post=3090"}],"version-history":[{"count":0,"href":"https:\/\/eoncerveceria.com\/en\/wp-json\/wp\/v2\/pages\/3090\/revisions"}],"wp:attachment":[{"href":"https:\/\/eoncerveceria.com\/en\/wp-json\/wp\/v2\/media?parent=3090"}],"curies":[{"name":"wp","href":"https:\/\/api.w.org\/{rel}","templated":true}]}}